{"id":24,"date":"2025-11-20T14:41:08","date_gmt":"2025-11-20T14:41:08","guid":{"rendered":"https:\/\/fauln.com\/cart\/"},"modified":"2026-01-07T18:19:32","modified_gmt":"2026-01-07T18:19:32","slug":"panier","status":"publish","type":"page","link":"https:\/\/fauln.com\/?page_id=24","title":{"rendered":"Panier"},"content":{"rendered":"\t\t<div data-elementor-type=\"wp-page\" data-elementor-id=\"24\" class=\"elementor elementor-24\" data-elementor-post-type=\"page\">\n\t\t\t\t<header class=\"elementor-element elementor-element-12370186 e-con-full e-flex e-con e-parent\" data-id=\"12370186\" data-element_type=\"container\" data-e-type=\"container\" data-settings=\"{&quot;background_background&quot;:&quot;classic&quot;}\">\n\t\t<div class=\"elementor-element elementor-element-216b0d04 e-con-full e-flex e-con e-child\" data-id=\"216b0d04\" data-element_type=\"container\" data-e-type=\"container\">\n\t\t\t\t<div class=\"elementor-element elementor-element-5b6fb165 elementor-widget elementor-widget-image\" data-id=\"5b6fb165\" data-element_type=\"widget\" data-e-type=\"widget\" data-widget_type=\"image.default\">\n\t\t\t\t\t\t\t\t\t\t\t\t\t\t\t\t<a href=\"https:\/\/fauln.com\">\n\t\t\t\t\t\t\t<img fetchpriority=\"high\" decoding=\"async\" width=\"2560\" height=\"1441\" src=\"https:\/\/fauln.com\/wp-content\/uploads\/2025\/12\/Logo_tagline_FAULN-1-scaled.png\" class=\"attachment-full size-full wp-image-86\" alt=\"\" srcset=\"https:\/\/fauln.com\/wp-content\/uploads\/2025\/12\/Logo_tagline_FAULN-1-scaled.png 2560w, https:\/\/fauln.com\/wp-content\/uploads\/2025\/12\/Logo_tagline_FAULN-1-300x169.png 300w, https:\/\/fauln.com\/wp-content\/uploads\/2025\/12\/Logo_tagline_FAULN-1-1024x576.png 1024w, https:\/\/fauln.com\/wp-content\/uploads\/2025\/12\/Logo_tagline_FAULN-1-768x432.png 768w, https:\/\/fauln.com\/wp-content\/uploads\/2025\/12\/Logo_tagline_FAULN-1-1536x864.png 1536w, https:\/\/fauln.com\/wp-content\/uploads\/2025\/12\/Logo_tagline_FAULN-1-2048x1153.png 2048w, https:\/\/fauln.com\/wp-content\/uploads\/2025\/12\/Logo_tagline_FAULN-1-600x338.png 600w\" sizes=\"(max-width: 2560px) 100vw, 2560px\" \/>\t\t\t\t\t\t\t\t<\/a>\n\t\t\t\t\t\t\t\t\t\t\t\t\t\t\t<\/div>\n\t\t\t\t<\/div>\n\t\t<div class=\"elementor-element elementor-element-539b7914 e-con-full e-flex e-con e-child\" data-id=\"539b7914\" data-element_type=\"container\" data-e-type=\"container\">\n\t\t\t\t<div class=\"elementor-element elementor-element-1d4cc05d elementor-nav-menu--stretch elementor-widget__width-auto elementor-nav-menu__text-align-center elementor-nav-menu--dropdown-tablet elementor-nav-menu--toggle elementor-nav-menu--burger elementor-widget elementor-widget-nav-menu\" data-id=\"1d4cc05d\" data-element_type=\"widget\" data-e-type=\"widget\" data-settings=\"{&quot;full_width&quot;:&quot;stretch&quot;,&quot;layout&quot;:&quot;horizontal&quot;,&quot;submenu_icon&quot;:{&quot;value&quot;:&quot;&lt;svg aria-hidden=\\&quot;true\\&quot; class=\\&quot;e-font-icon-svg e-fas-caret-down\\&quot; viewBox=\\&quot;0 0 320 512\\&quot; xmlns=\\&quot;http:\\\/\\\/www.w3.org\\\/2000\\\/svg\\&quot;&gt;&lt;path d=\\&quot;M31.3 192h257.3c17.8 0 26.7 21.5 14.1 34.1L174.1 354.8c-7.8 7.8-20.5 7.8-28.3 0L17.2 226.1C4.6 213.5 13.5 192 31.3 192z\\&quot;&gt;&lt;\\\/path&gt;&lt;\\\/svg&gt;&quot;,&quot;library&quot;:&quot;fa-solid&quot;},&quot;toggle&quot;:&quot;burger&quot;}\" data-widget_type=\"nav-menu.default\">\n\t\t\t\t\t\t\t\t<nav aria-label=\"Menu\" class=\"elementor-nav-menu--main elementor-nav-menu__container elementor-nav-menu--layout-horizontal e--pointer-background e--animation-sweep-right\">\n\t\t\t\t<ul id=\"menu-1-1d4cc05d\" class=\"elementor-nav-menu\"><li class=\"menu-item menu-item-type-post_type menu-item-object-page menu-item-home menu-item-96\"><a href=\"https:\/\/fauln.com\/\" class=\"elementor-item\">Home<\/a><\/li>\n<li class=\"menu-item menu-item-type-post_type menu-item-object-page menu-item-614\"><a href=\"https:\/\/fauln.com\/?page_id=608\" class=\"elementor-item\">Boutique<\/a><\/li>\n<li class=\"menu-item menu-item-type-post_type menu-item-object-page menu-item-482\"><a href=\"https:\/\/fauln.com\/?page_id=24\" class=\"elementor-item\">Panier<\/a><\/li>\n<\/ul>\t\t\t<\/nav>\n\t\t\t\t\t<div class=\"elementor-menu-toggle\" role=\"button\" tabindex=\"0\" aria-label=\"Permuter le menu\" aria-expanded=\"false\">\n\t\t\t<svg aria-hidden=\"true\" role=\"presentation\" class=\"elementor-menu-toggle__icon--open e-font-icon-svg e-eicon-menu-bar\" viewBox=\"0 0 1000 1000\" xmlns=\"http:\/\/www.w3.org\/2000\/svg\"><path d=\"M104 333H896C929 333 958 304 958 271S929 208 896 208H104C71 208 42 237 42 271S71 333 104 333ZM104 583H896C929 583 958 554 958 521S929 458 896 458H104C71 458 42 487 42 521S71 583 104 583ZM104 833H896C929 833 958 804 958 771S929 708 896 708H104C71 708 42 737 42 771S71 833 104 833Z\"><\/path><\/svg><svg aria-hidden=\"true\" role=\"presentation\" class=\"elementor-menu-toggle__icon--close e-font-icon-svg e-eicon-close\" viewBox=\"0 0 1000 1000\" xmlns=\"http:\/\/www.w3.org\/2000\/svg\"><path d=\"M742 167L500 408 258 167C246 154 233 150 217 150 196 150 179 158 167 167 154 179 150 196 150 212 150 229 154 242 171 254L408 500 167 742C138 771 138 800 167 829 196 858 225 858 254 829L496 587 738 829C750 842 767 846 783 846 800 846 817 842 829 829 842 817 846 804 846 783 846 767 842 750 829 737L588 500 833 258C863 229 863 200 833 171 804 137 775 137 742 167Z\"><\/path><\/svg>\t\t<\/div>\n\t\t\t\t\t<nav class=\"elementor-nav-menu--dropdown elementor-nav-menu__container\" aria-hidden=\"true\">\n\t\t\t\t<ul id=\"menu-2-1d4cc05d\" class=\"elementor-nav-menu\"><li class=\"menu-item menu-item-type-post_type menu-item-object-page menu-item-home menu-item-96\"><a href=\"https:\/\/fauln.com\/\" class=\"elementor-item\" tabindex=\"-1\">Home<\/a><\/li>\n<li class=\"menu-item menu-item-type-post_type menu-item-object-page menu-item-614\"><a href=\"https:\/\/fauln.com\/?page_id=608\" class=\"elementor-item\" tabindex=\"-1\">Boutique<\/a><\/li>\n<li class=\"menu-item menu-item-type-post_type menu-item-object-page menu-item-482\"><a href=\"https:\/\/fauln.com\/?page_id=24\" class=\"elementor-item\" tabindex=\"-1\">Panier<\/a><\/li>\n<\/ul>\t\t\t<\/nav>\n\t\t\t\t\t\t<\/div>\n\t\t\t\t<\/div>\n\t\t\t\t<\/header>\n\t\t<div class=\"elementor-element elementor-element-2a0ab04 e-flex e-con-boxed e-con e-parent\" data-id=\"2a0ab04\" data-element_type=\"container\" data-e-type=\"container\">\n\t\t\t\t\t<div class=\"e-con-inner\">\n\t\t\t\t<div class=\"elementor-element elementor-element-3e14bf6 e-cart-layout-two-column elementor-widget elementor-widget-woocommerce-cart\" data-id=\"3e14bf6\" data-element_type=\"widget\" data-e-type=\"widget\" data-settings=\"{&quot;update_cart_automatically&quot;:&quot;yes&quot;}\" data-widget_type=\"woocommerce-cart.default\">\n\t\t\t\t<div class=\"elementor-widget-container\">\n\t\t\t\t\t<div class=\"woocommerce\"><div class=\"woocommerce-notices-wrapper\"><\/div><div class=\"wc-empty-cart-message\">\n\t<div class=\"cart-empty woocommerce-info\" role=\"status\">\n\t\tVotre panier est actuellement vide.\t<\/div>\n<\/div><\/div>\t\t\t\t<\/div>\n\t\t\t\t<\/div>\n\t\t\t\t\t<\/div>\n\t\t\t\t<\/div>\n\t\t<div class=\"elementor-element elementor-element-1331f6fc e-con-full e-flex e-con e-parent\" data-id=\"1331f6fc\" data-element_type=\"container\" data-e-type=\"container\" data-settings=\"{&quot;background_background&quot;:&quot;classic&quot;}\">\n\t\t<div class=\"elementor-element elementor-element-766532af e-con-full e-flex e-con e-child\" data-id=\"766532af\" data-element_type=\"container\" data-e-type=\"container\">\n\t\t\t\t<div class=\"elementor-element elementor-element-7ed0577c elementor-position-top elementor-widget elementor-widget-image-box\" data-id=\"7ed0577c\" data-element_type=\"widget\" data-e-type=\"widget\" data-widget_type=\"image-box.default\">\n\t\t\t\t\t<div class=\"elementor-image-box-wrapper\"><figure class=\"elementor-image-box-img\"><img fetchpriority=\"high\" decoding=\"async\" width=\"2560\" height=\"1441\" src=\"https:\/\/fauln.com\/wp-content\/uploads\/2025\/12\/Logo_tagline_FAULN-1-scaled.png\" class=\"attachment-full size-full wp-image-86\" alt=\"\" srcset=\"https:\/\/fauln.com\/wp-content\/uploads\/2025\/12\/Logo_tagline_FAULN-1-scaled.png 2560w, https:\/\/fauln.com\/wp-content\/uploads\/2025\/12\/Logo_tagline_FAULN-1-300x169.png 300w, https:\/\/fauln.com\/wp-content\/uploads\/2025\/12\/Logo_tagline_FAULN-1-1024x576.png 1024w, https:\/\/fauln.com\/wp-content\/uploads\/2025\/12\/Logo_tagline_FAULN-1-768x432.png 768w, https:\/\/fauln.com\/wp-content\/uploads\/2025\/12\/Logo_tagline_FAULN-1-1536x864.png 1536w, https:\/\/fauln.com\/wp-content\/uploads\/2025\/12\/Logo_tagline_FAULN-1-2048x1153.png 2048w, https:\/\/fauln.com\/wp-content\/uploads\/2025\/12\/Logo_tagline_FAULN-1-600x338.png 600w\" sizes=\"(max-width: 2560px) 100vw, 2560px\" \/><\/figure><div class=\"elementor-image-box-content\"><p class=\"elementor-image-box-description\">FAULN is a posture, a way of standing in the world : lucid, raw, and human. Outside systems, but deeply rooted in the real. Our films are born in extremity, yet they always speak of tenderness.<\/p><\/div><\/div>\t\t\t\t<\/div>\n\t\t\t\t<\/div>\n\t\t<div class=\"elementor-element elementor-element-6b54b170 e-con-full e-flex e-con e-child\" data-id=\"6b54b170\" data-element_type=\"container\" data-e-type=\"container\">\n\t\t\t\t<div class=\"elementor-element elementor-element-8e2903e elementor-widget elementor-widget-heading\" data-id=\"8e2903e\" data-element_type=\"widget\" data-e-type=\"widget\" data-widget_type=\"heading.default\">\n\t\t\t\t\t<h6 class=\"elementor-heading-title elementor-size-default\">Get In Touch<\/h6>\t\t\t\t<\/div>\n\t\t\t\t<div class=\"elementor-element elementor-element-173f11e elementor-icon-list--layout-traditional elementor-list-item-link-full_width elementor-widget elementor-widget-icon-list\" data-id=\"173f11e\" data-element_type=\"widget\" data-e-type=\"widget\" data-widget_type=\"icon-list.default\">\n\t\t\t\t\t\t\t<ul class=\"elementor-icon-list-items\">\n\t\t\t\t\t\t\t<li class=\"elementor-icon-list-item\">\n\t\t\t\t\t\t\t\t\t\t\t<a href=\"mailto:studio@fauln.com\">\n\n\t\t\t\t\t\t\t\t\t\t\t<span class=\"elementor-icon-list-text\">Email: studio@fauln.com<\/span>\n\t\t\t\t\t\t\t\t\t\t\t<\/a>\n\t\t\t\t\t\t\t\t\t<\/li>\n\t\t\t\t\t\t\t\t<li class=\"elementor-icon-list-item\">\n\t\t\t\t\t\t\t\t\t\t\t<a href=\"tel:123-456-7890\">\n\n\t\t\t\t\t\t\t\t\t\t\t<span class=\"elementor-icon-list-text\">Phone: coming soon<\/span>\n\t\t\t\t\t\t\t\t\t\t\t<\/a>\n\t\t\t\t\t\t\t\t\t<\/li>\n\t\t\t\t\t\t<\/ul>\n\t\t\t\t\t\t<\/div>\n\t\t\t\t<\/div>\n\t\t\t\t<div class=\"elementor-element elementor-element-4d6f23ba e-grid-align-left elementor-shape-rounded elementor-grid-0 elementor-widget elementor-widget-social-icons\" data-id=\"4d6f23ba\" data-element_type=\"widget\" data-e-type=\"widget\" data-widget_type=\"social-icons.default\">\n\t\t\t\t\t\t\t<div class=\"elementor-social-icons-wrapper elementor-grid\" role=\"list\">\n\t\t\t\t\t\t\t<span class=\"elementor-grid-item\" role=\"listitem\">\n\t\t\t\t\t<a class=\"elementor-icon elementor-social-icon elementor-social-icon- elementor-repeater-item-5c0ce3c\" href=\"https:\/\/www.instagram.com\/fauln.films\/\" target=\"_blank\">\n\t\t\t\t\t\t<span class=\"elementor-screen-only\"><\/span>\n\t\t\t\t\t\t<svg xmlns=\"http:\/\/www.w3.org\/2000\/svg\" id=\"aaf4d88f-6908-42b9-b3d6-5d6a3ec06a43\" data-name=\"Layer 1\" width=\"27\" height=\"26\" viewBox=\"0 0 27 26\"><path d=\"M26.9922,13.12c0-1.952.0071-3.904-.0054-5.856a7.4912,7.4912,0,0,0-.12-1.3338,6.9762,6.9762,0,0,0-2.4989-4.1911,7.3149,7.3149,0,0,0-4.73-1.7279c-4.031-.02-8.0623-.0061-12.0935-.0071a7.347,7.347,0,0,0-3.6653.907,6.9367,6.9367,0,0,0-3.85,6.2265C-.025,11.0332.0121,14.93.0169,18.8272a6.5069,6.5069,0,0,0,.8908,3.3475A7.2785,7.2785,0,0,0,7.419,25.9708c4.0565.0558,8.1145.0148,12.1719.0131a7.6378,7.6378,0,0,0,4.9015-1.8408,6.9218,6.9218,0,0,0,2.4928-5.276C27.0143,16.9517,26.9915,15.0354,26.9922,13.12ZM13.4174,20.21a7.3625,7.3625,0,0,1-7.4061-7.2182,7.3505,7.3505,0,0,1,7.4992-7.2115,7.3516,7.3516,0,0,1,7.4852,7.2146A7.37,7.37,0,0,1,13.4174,20.21ZM22.4962,5.7791a1.48,1.48,0,0,1-1.5005-1.4476,1.5014,1.5014,0,0,1,3-.0009A1.481,1.481,0,0,1,22.4962,5.7791Z\" transform=\"translate(0 0)\" style=\"fill-rule:evenodd\"><\/path><path d=\"M13.4969,8.3571a4.7331,4.7331,0,0,0-4.8183,4.6445,4.74,4.74,0,0,0,4.8241,4.6413,4.74,4.74,0,0,0,4.8187-4.6466A4.7342,4.7342,0,0,0,13.4969,8.3571Z\" transform=\"translate(0 0)\" style=\"fill-rule:evenodd\"><\/path><\/svg>\t\t\t\t\t<\/a>\n\t\t\t\t<\/span>\n\t\t\t\t\t\t\t<span class=\"elementor-grid-item\" role=\"listitem\">\n\t\t\t\t\t<a class=\"elementor-icon elementor-social-icon elementor-social-icon-youtube elementor-repeater-item-828f132\" href=\"https:\/\/www.youtube.com\/@FAULN_films\" target=\"_blank\">\n\t\t\t\t\t\t<span class=\"elementor-screen-only\">Youtube<\/span>\n\t\t\t\t\t\t<svg aria-hidden=\"true\" class=\"e-font-icon-svg e-fab-youtube\" viewBox=\"0 0 576 512\" xmlns=\"http:\/\/www.w3.org\/2000\/svg\"><path d=\"M549.655 124.083c-6.281-23.65-24.787-42.276-48.284-48.597C458.781 64 288 64 288 64S117.22 64 74.629 75.486c-23.497 6.322-42.003 24.947-48.284 48.597-11.412 42.867-11.412 132.305-11.412 132.305s0 89.438 11.412 132.305c6.281 23.65 24.787 41.5 48.284 47.821C117.22 448 288 448 288 448s170.78 0 213.371-11.486c23.497-6.321 42.003-24.171 48.284-47.821 11.412-42.867 11.412-132.305 11.412-132.305s0-89.438-11.412-132.305zm-317.51 213.508V175.185l142.739 81.205-142.739 81.201z\"><\/path><\/svg>\t\t\t\t\t<\/a>\n\t\t\t\t<\/span>\n\t\t\t\t\t<\/div>\n\t\t\t\t\t\t<\/div>\n\t\t\t\t<\/div>\n\t\t<div class=\"elementor-element elementor-element-2172cd9c e-flex e-con-boxed e-con e-parent\" data-id=\"2172cd9c\" data-element_type=\"container\" data-e-type=\"container\" data-settings=\"{&quot;background_background&quot;:&quot;classic&quot;}\">\n\t\t\t\t\t<div class=\"e-con-inner\">\n\t\t\t\t<div class=\"elementor-element elementor-element-4c76b63 elementor-widget elementor-widget-heading\" data-id=\"4c76b63\" data-element_type=\"widget\" data-e-type=\"widget\" data-widget_type=\"heading.default\">\n\t\t\t\t\t<p class=\"elementor-heading-title elementor-size-default\">\u00a9 2026 All Rights Reserved.<\/p>\t\t\t\t<\/div>\n\t\t\t\t\t<\/div>\n\t\t\t\t<\/div>\n\t\t\t\t<\/div>\n\t\t","protected":false},"excerpt":{"rendered":"<p>Supprimer l\u2019\u00e9l\u00e9ment Miniature Produit Prix Quantit\u00e9 Sous-total &times; Livre Photo &#8211; Des Traces de Poussi\u00e8res 50,00&nbsp;&euro; quantit\u00e9 de Livre Photo &#8211; Des Traces de Poussi\u00e8res 50,00&nbsp;&euro; Total du panier Sous-total 50,00&nbsp;&euro; Exp\u00e9dition Mondial Relay: 6,00&nbsp;&euro; Les options de livraison seront mises \u00e0 jour lors de la commande. Total 56,00&nbsp;&euro; Poids total (g) 0\/FR Passer \u00e0 [&hellip;]<\/p>\n","protected":false},"author":1,"featured_media":0,"parent":0,"menu_order":0,"comment_status":"closed","ping_status":"closed","template":"","meta":{"footnotes":""},"class_list":["post-24","page","type-page","status-publish","hentry"],"yoast_head":"<!-- This site is optimized with the Yoast SEO plugin v27.2 - https:\/\/yoast.com\/product\/yoast-seo-wordpress\/ -->\n<title>Panier - FAULN - Films born from tension<\/title>\n<meta name=\"robots\" content=\"index, follow, max-snippet:-1, max-image-preview:large, max-video-preview:-1\" \/>\n<link rel=\"canonical\" href=\"https:\/\/fauln.com\/?page_id=24\" \/>\n<meta property=\"og:locale\" content=\"fr_FR\" \/>\n<meta property=\"og:type\" content=\"article\" \/>\n<meta property=\"og:title\" content=\"Panier - FAULN - Films born from tension\" \/>\n<meta property=\"og:description\" content=\"Supprimer l\u2019\u00e9l\u00e9ment Miniature Produit Prix Quantit\u00e9 Sous-total &times; Livre Photo &#8211; Des Traces de Poussi\u00e8res 50,00&nbsp;&euro; quantit\u00e9 de Livre Photo &#8211; Des Traces de Poussi\u00e8res 50,00&nbsp;&euro; Total du panier Sous-total 50,00&nbsp;&euro; Exp\u00e9dition Mondial Relay: 6,00&nbsp;&euro; Les options de livraison seront mises \u00e0 jour lors de la commande. Total 56,00&nbsp;&euro; Poids total (g) 0\/FR Passer \u00e0 [&hellip;]\" \/>\n<meta property=\"og:url\" content=\"https:\/\/fauln.com\/?page_id=24\" \/>\n<meta property=\"og:site_name\" content=\"FAULN - Films born from tension\" \/>\n<meta property=\"article:modified_time\" content=\"2026-01-07T18:19:32+00:00\" \/>\n<meta property=\"og:image\" content=\"https:\/\/fauln.com\/wp-content\/uploads\/2025\/12\/Logo_tagline_FAULN-1-scaled.png\" \/>\n<meta name=\"twitter:card\" content=\"summary_large_image\" \/>\n<meta name=\"twitter:label1\" content=\"Dur\u00e9e de lecture estim\u00e9e\" \/>\n\t<meta name=\"twitter:data1\" content=\"1 minute\" \/>\n<script type=\"application\/ld+json\" class=\"yoast-schema-graph\">{\"@context\":\"https:\/\/schema.org\",\"@graph\":[{\"@type\":\"WebPage\",\"@id\":\"https:\/\/fauln.com\/?page_id=24\",\"url\":\"https:\/\/fauln.com\/?page_id=24\",\"name\":\"Panier - FAULN - Films born from tension\",\"isPartOf\":{\"@id\":\"https:\/\/fauln.com\/#website\"},\"primaryImageOfPage\":{\"@id\":\"https:\/\/fauln.com\/?page_id=24#primaryimage\"},\"image\":{\"@id\":\"https:\/\/fauln.com\/?page_id=24#primaryimage\"},\"thumbnailUrl\":\"https:\/\/fauln.com\/wp-content\/uploads\/2025\/12\/Logo_tagline_FAULN-1-scaled.png\",\"datePublished\":\"2025-11-20T14:41:08+00:00\",\"dateModified\":\"2026-01-07T18:19:32+00:00\",\"breadcrumb\":{\"@id\":\"https:\/\/fauln.com\/?page_id=24#breadcrumb\"},\"inLanguage\":\"fr-FR\",\"potentialAction\":[{\"@type\":\"ReadAction\",\"target\":[\"https:\/\/fauln.com\/?page_id=24\"]}]},{\"@type\":\"ImageObject\",\"inLanguage\":\"fr-FR\",\"@id\":\"https:\/\/fauln.com\/?page_id=24#primaryimage\",\"url\":\"https:\/\/fauln.com\/wp-content\/uploads\/2025\/12\/Logo_tagline_FAULN-1-scaled.png\",\"contentUrl\":\"https:\/\/fauln.com\/wp-content\/uploads\/2025\/12\/Logo_tagline_FAULN-1-scaled.png\",\"width\":2560,\"height\":1441},{\"@type\":\"BreadcrumbList\",\"@id\":\"https:\/\/fauln.com\/?page_id=24#breadcrumb\",\"itemListElement\":[{\"@type\":\"ListItem\",\"position\":1,\"name\":\"Home\",\"item\":\"https:\/\/fauln.com\/\"},{\"@type\":\"ListItem\",\"position\":2,\"name\":\"Panier\"}]},{\"@type\":\"WebSite\",\"@id\":\"https:\/\/fauln.com\/#website\",\"url\":\"https:\/\/fauln.com\/\",\"name\":\"FAULN - Films born from tension\",\"description\":\"Immersive docs series &amp; films\",\"publisher\":{\"@id\":\"https:\/\/fauln.com\/#organization\"},\"potentialAction\":[{\"@type\":\"SearchAction\",\"target\":{\"@type\":\"EntryPoint\",\"urlTemplate\":\"https:\/\/fauln.com\/?s={search_term_string}\"},\"query-input\":{\"@type\":\"PropertyValueSpecification\",\"valueRequired\":true,\"valueName\":\"search_term_string\"}}],\"inLanguage\":\"fr-FR\"},{\"@type\":\"Organization\",\"@id\":\"https:\/\/fauln.com\/#organization\",\"name\":\"FAULN - Films born from tension\",\"url\":\"https:\/\/fauln.com\/\",\"logo\":{\"@type\":\"ImageObject\",\"inLanguage\":\"fr-FR\",\"@id\":\"https:\/\/fauln.com\/#\/schema\/logo\/image\/\",\"url\":\"https:\/\/fauln.com\/wp-content\/uploads\/2025\/12\/Logo_tagline_FAULN-2-scaled.png\",\"contentUrl\":\"https:\/\/fauln.com\/wp-content\/uploads\/2025\/12\/Logo_tagline_FAULN-2-scaled.png\",\"width\":2560,\"height\":1440,\"caption\":\"FAULN - Films born from tension\"},\"image\":{\"@id\":\"https:\/\/fauln.com\/#\/schema\/logo\/image\/\"}}]}<\/script>\n<!-- \/ Yoast SEO plugin. -->","yoast_head_json":{"title":"Panier - FAULN - Films born from tension","robots":{"index":"index","follow":"follow","max-snippet":"max-snippet:-1","max-image-preview":"max-image-preview:large","max-video-preview":"max-video-preview:-1"},"canonical":"https:\/\/fauln.com\/?page_id=24","og_locale":"fr_FR","og_type":"article","og_title":"Panier - FAULN - Films born from tension","og_description":"Supprimer l\u2019\u00e9l\u00e9ment Miniature Produit Prix Quantit\u00e9 Sous-total &times; Livre Photo &#8211; Des Traces de Poussi\u00e8res 50,00&nbsp;&euro; quantit\u00e9 de Livre Photo &#8211; Des Traces de Poussi\u00e8res 50,00&nbsp;&euro; Total du panier Sous-total 50,00&nbsp;&euro; Exp\u00e9dition Mondial Relay: 6,00&nbsp;&euro; Les options de livraison seront mises \u00e0 jour lors de la commande. Total 56,00&nbsp;&euro; Poids total (g) 0\/FR Passer \u00e0 [&hellip;]","og_url":"https:\/\/fauln.com\/?page_id=24","og_site_name":"FAULN - Films born from tension","article_modified_time":"2026-01-07T18:19:32+00:00","og_image":[{"url":"https:\/\/fauln.com\/wp-content\/uploads\/2025\/12\/Logo_tagline_FAULN-1-scaled.png","type":"","width":"","height":""}],"twitter_card":"summary_large_image","twitter_misc":{"Dur\u00e9e de lecture estim\u00e9e":"1 minute"},"schema":{"@context":"https:\/\/schema.org","@graph":[{"@type":"WebPage","@id":"https:\/\/fauln.com\/?page_id=24","url":"https:\/\/fauln.com\/?page_id=24","name":"Panier - FAULN - Films born from tension","isPartOf":{"@id":"https:\/\/fauln.com\/#website"},"primaryImageOfPage":{"@id":"https:\/\/fauln.com\/?page_id=24#primaryimage"},"image":{"@id":"https:\/\/fauln.com\/?page_id=24#primaryimage"},"thumbnailUrl":"https:\/\/fauln.com\/wp-content\/uploads\/2025\/12\/Logo_tagline_FAULN-1-scaled.png","datePublished":"2025-11-20T14:41:08+00:00","dateModified":"2026-01-07T18:19:32+00:00","breadcrumb":{"@id":"https:\/\/fauln.com\/?page_id=24#breadcrumb"},"inLanguage":"fr-FR","potentialAction":[{"@type":"ReadAction","target":["https:\/\/fauln.com\/?page_id=24"]}]},{"@type":"ImageObject","inLanguage":"fr-FR","@id":"https:\/\/fauln.com\/?page_id=24#primaryimage","url":"https:\/\/fauln.com\/wp-content\/uploads\/2025\/12\/Logo_tagline_FAULN-1-scaled.png","contentUrl":"https:\/\/fauln.com\/wp-content\/uploads\/2025\/12\/Logo_tagline_FAULN-1-scaled.png","width":2560,"height":1441},{"@type":"BreadcrumbList","@id":"https:\/\/fauln.com\/?page_id=24#breadcrumb","itemListElement":[{"@type":"ListItem","position":1,"name":"Home","item":"https:\/\/fauln.com\/"},{"@type":"ListItem","position":2,"name":"Panier"}]},{"@type":"WebSite","@id":"https:\/\/fauln.com\/#website","url":"https:\/\/fauln.com\/","name":"FAULN - Films born from tension","description":"Immersive docs series &amp; films","publisher":{"@id":"https:\/\/fauln.com\/#organization"},"potentialAction":[{"@type":"SearchAction","target":{"@type":"EntryPoint","urlTemplate":"https:\/\/fauln.com\/?s={search_term_string}"},"query-input":{"@type":"PropertyValueSpecification","valueRequired":true,"valueName":"search_term_string"}}],"inLanguage":"fr-FR"},{"@type":"Organization","@id":"https:\/\/fauln.com\/#organization","name":"FAULN - Films born from tension","url":"https:\/\/fauln.com\/","logo":{"@type":"ImageObject","inLanguage":"fr-FR","@id":"https:\/\/fauln.com\/#\/schema\/logo\/image\/","url":"https:\/\/fauln.com\/wp-content\/uploads\/2025\/12\/Logo_tagline_FAULN-2-scaled.png","contentUrl":"https:\/\/fauln.com\/wp-content\/uploads\/2025\/12\/Logo_tagline_FAULN-2-scaled.png","width":2560,"height":1440,"caption":"FAULN - Films born from tension"},"image":{"@id":"https:\/\/fauln.com\/#\/schema\/logo\/image\/"}}]}},"_hostinger_reach_plugin_has_subscription_block":false,"_hostinger_reach_plugin_is_elementor":false,"_links":{"self":[{"href":"https:\/\/fauln.com\/index.php?rest_route=\/wp\/v2\/pages\/24","targetHints":{"allow":["GET"]}}],"collection":[{"href":"https:\/\/fauln.com\/index.php?rest_route=\/wp\/v2\/pages"}],"about":[{"href":"https:\/\/fauln.com\/index.php?rest_route=\/wp\/v2\/types\/page"}],"author":[{"embeddable":true,"href":"https:\/\/fauln.com\/index.php?rest_route=\/wp\/v2\/users\/1"}],"replies":[{"embeddable":true,"href":"https:\/\/fauln.com\/index.php?rest_route=%2Fwp%2Fv2%2Fcomments&post=24"}],"version-history":[{"count":17,"href":"https:\/\/fauln.com\/index.php?rest_route=\/wp\/v2\/pages\/24\/revisions"}],"predecessor-version":[{"id":526,"href":"https:\/\/fauln.com\/index.php?rest_route=\/wp\/v2\/pages\/24\/revisions\/526"}],"wp:attachment":[{"href":"https:\/\/fauln.com\/index.php?rest_route=%2Fwp%2Fv2%2Fmedia&parent=24"}],"curies":[{"name":"wp","href":"https:\/\/api.w.org\/{rel}","templated":true}]}}